{"id":2,"date":"2023-10-03T16:22:19","date_gmt":"2023-10-03T16:22:19","guid":{"rendered":"https:\/\/bijles-latijn.nl\/?page_id=2"},"modified":"2026-03-02T13:29:35","modified_gmt":"2026-03-02T13:29:35","slug":"voorbeeld-pagina","status":"publish","type":"page","link":"https:\/\/bijles-latijn.nl\/","title":{"rendered":"Bijles Latijn van een expert"},"content":{"rendered":"\n<p>Wil het niet zo vlotten met het leren van Latijn? Begrijpelijk, want Latijn is geen makkelijke taal. Veel leerlingen kunnen wel wat extra hulp gebruiken. Daarom stel ik graag mijn expertise ter beschikking.<\/p>\n\n\n\n<div style=\"height:10px\" aria-hidden=\"true\" class=\"wp-block-spacer\"><\/div>\n\n\n\n<h2 class=\"wp-block-heading\">Wie ben ik?<\/h2>\n\n\n\n<p>Ik ben Stefan. Ik heb een master Griekse en Latijnse Taal en Cultuur en ben gepromoveerd in de Indo-Europese taalwetenschap (beide&nbsp;<em>cum laude<\/em>). Ik ken het Latijn door en door, en er is weinig dat ik liever doe dan mijn kennis delen. Ik heb inmiddels bijna 20 jaar ervaring als docent, zowel \u00e9\u00e9n op \u00e9\u00e9n als voor de klas, en ben trots op de bijzonder hoge waardering die uit de evaluaties van de leerlingen blijkt.<\/p>\n\n\n\n<blockquote class=\"wp-block-quote has-background has-small-font-size\" style=\"background-color:#abd2ff70\">\n<p><strong>\u2b50\u2b50\u2b50\u2b50\u2b50<\/strong><br><strong>&#8220;Stefan is erg behulpzaam, geeft vaak interessante en humoristische inzichten die ook nog eens functioneren als handige ezelbruggetjes&#8221; <\/strong><br>\u2014&nbsp;Sieger (bijles gehad van de 4\u1d49 t\/m de 6\u1d49; geslaagd met Latijn als hoogste cijfer)<\/p>\n<\/blockquote>\n\n\n\n<div style=\"height:10px\" aria-hidden=\"true\" class=\"wp-block-spacer\"><\/div>\n\n\n\n<h2 class=\"wp-block-heading\">Wat voor lessen bied ik aan?<\/h2>\n\n\n\n<p>De inhoud wordt afgestemd op de problemen van de leerling. Of het nou gaat om moeite bij de eerste stappen in het Latijn of om de eindexamenfase. Lessen kunnen verschillende vormen aannemen, maar vaak is het nuttig om samen Latijnse teksten te lezen, om daar behendiger in te worden en over alle struikelblokken meer uitleg te krijgen (en tegelijkertijd ook te zien hoe leuk Latijnse teksten kunnen zijn!).<\/p>\n\n\n\n<div style=\"height:10px\" aria-hidden=\"true\" class=\"wp-block-spacer\"><\/div>\n\n\n\n<h2 class=\"wp-block-heading\">Waar kunnen de lessen plaatsvinden?<\/h2>\n\n\n\n<p>Ik geef bijles aan huis in (de omgeving van) Leiden, Wassenaar, Voorschoten en Oegstgeest. Buiten dat gebied verzorg ik online lessen, of kan ik eventueel tegen een reiskostenvergoeding langskomen.<\/p>\n\n\n\n<div style=\"height:10px\" aria-hidden=\"true\" class=\"wp-block-spacer\"><\/div>\n\n\n\n<h2 class=\"wp-block-heading\">Wanneer kunnen de lessen plaatsvinden?<\/h2>\n\n\n\n<p>Op dit moment zijn de mogelijkheden voor wekelijkse bijlessen allemaal vergeven; voor regelmatige bijles zou ik alleen nog drie keer per maand op vrijdag van 17.00 tot 18.00 kunnen. Voor incidentele lessen, bijvoorbeeld om een specifieke toets voor te bereiden, heb ik meer ruimte &#8211; daarvoor kunnen we waarschijnlijk wel een geschikt moment vinden waarop ik niet standaard kan.<\/p>\n\n\n\n<div style=\"height:10px\" aria-hidden=\"true\" class=\"wp-block-spacer\"><\/div>\n\n\n\n<h2 class=\"wp-block-heading\">Wat zijn de kosten?<\/h2>\n\n\n\n<p>De kosten zijn \u20ac55,- per les van een uur. Voor langere lessen gelden gereduceerde prijzen: \u20ac75,- voor anderhalf uur en \u20ac95,- voor twee uur. Voor avonden en het weekend zijn de tarieven iets hoger: \u20ac65,- voor een uur, \u20ac85,- voor anderhalf uur en \u20ac105,- voor twee uur. Deze prijzen gaan regelmatig iets omhoog om de inflatie te compenseren, maar dat geldt niet voor bestaande klanten: het beginbedrag blijft altijd van toepassing.<\/p>\n\n\n\n<div style=\"height:10px\" aria-hidden=\"true\" class=\"wp-block-spacer\"><\/div>\n\n\n\n<h2 class=\"wp-block-heading\">Hoe komen we in contact?<\/h2>\n\n\n\n<p>Ik ben te bereiken via latijnsetaalencultuur@gmail.com. Ik hoor graag hoe ik kan helpen!<\/p>\n\n\n\n<div style=\"height:100px\" aria-hidden=\"true\" class=\"wp-block-spacer\"><\/div>\n\n\n\n<p class=\"has-small-font-size\">PS: toevallig ook <a href=\"https:\/\/www.bijlesgrieks.nl\/\" target=\"_blank\" rel=\"noreferrer noopener\">bijles Grieks<\/a> nodig?<\/p>\n","protected":false},"excerpt":{"rendered":"<p>Wil het niet zo vlotten met het leren van Latijn? Begrijpelijk, want Latijn is geen makkelijke taal. Veel leerlingen kunnen wel wat extra hulp gebruiken. Daarom stel ik graag mijn expertise ter beschikking. Wie ben ik? Ik ben Stefan. Ik heb een master Griekse en Latijnse Taal en Cultuur en ben gepromoveerd in de Indo-Europese&#8230;<\/p>\n","protected":false},"author":1,"featured_media":0,"parent":0,"menu_order":0,"comment_status":"closed","ping_status":"open","template":"","meta":{"footnotes":""},"_links":{"self":[{"href":"https:\/\/bijles-latijn.nl\/index.php?rest_route=\/wp\/v2\/pages\/2"}],"collection":[{"href":"https:\/\/bijles-latijn.nl\/index.php?rest_route=\/wp\/v2\/pages"}],"about":[{"href":"https:\/\/bijles-latijn.nl\/index.php?rest_route=\/wp\/v2\/types\/page"}],"author":[{"embeddable":true,"href":"https:\/\/bijles-latijn.nl\/index.php?rest_route=\/wp\/v2\/users\/1"}],"replies":[{"embeddable":true,"href":"https:\/\/bijles-latijn.nl\/index.php?rest_route=%2Fwp%2Fv2%2Fcomments&post=2"}],"version-history":[{"count":70,"href":"https:\/\/bijles-latijn.nl\/index.php?rest_route=\/wp\/v2\/pages\/2\/revisions"}],"predecessor-version":[{"id":162,"href":"https:\/\/bijles-latijn.nl\/index.php?rest_route=\/wp\/v2\/pages\/2\/revisions\/162"}],"wp:attachment":[{"href":"https:\/\/bijles-latijn.nl\/index.php?rest_route=%2Fwp%2Fv2%2Fmedia&parent=2"}],"curies":[{"name":"wp","href":"https:\/\/api.w.org\/{rel}","templated":true}]}}